{"id":96,"date":"2022-11-12T10:59:00","date_gmt":"2022-11-12T10:59:00","guid":{"rendered":"https:\/\/escoladretenergia.com\/home\/"},"modified":"2023-03-02T09:06:30","modified_gmt":"2023-03-02T09:06:30","slug":"home","status":"publish","type":"page","link":"https:\/\/escoladretenergia.com\/es\/","title":{"rendered":"Home"},"content":{"rendered":"\n<div class=\"wp-block-columns is-layout-flex wp-container-3\">\n<div class=\"wp-block-column column--title is-layout-flow\" style=\"flex-basis:33.33%\">\n<p>\u00bfQu\u00e9 es la Escuela Ciudadana<br>por el Derecho a la Energ\u00eda?<\/p>\n\n\n\n<figure class=\"wp-block-image size-full\"><img decoding=\"async\" loading=\"lazy\" width=\"360\" height=\"504\" src=\"https:\/\/escoladretenergia.com\/wp-content\/uploads\/2022\/11\/Grupo-2.jpg\" alt=\"\" class=\"wp-image-54\" srcset=\"https:\/\/escoladretenergia.com\/wp-content\/uploads\/2022\/11\/Grupo-2.jpg 360w, https:\/\/escoladretenergia.com\/wp-content\/uploads\/2022\/11\/Grupo-2-214x300.jpg 214w\" sizes=\"(max-width: 360px) 100vw, 360px\" \/><\/figure>\n<\/div>\n\n\n\n<div class=\"wp-block-column column--content is-layout-flow\" style=\"flex-basis:66.66%\">\n<p><strong>La Escuela Ciudadana por el Derecho a la Energ\u00eda nace del proyecto europeo WELLBASED y tiene como objetivo reivindicar y concienciar a toda la ciudadan\u00eda sobre el Derecho a la Energ\u00eda.<\/strong><\/p>\n\n\n\n<p>Entre sus principales fines est\u00e1n:<\/p>\n\n\n\n<ul>\n<li>Ayudar a hogares de la ciudad de Val\u00e8ncia a empoderarse energ\u00e9ticamente<\/li>\n\n\n\n<li>Asesorar para pagar lo justo por los suministros energ\u00e9ticos (electricidad, gas)<\/li>\n\n\n\n<li>Mejorar la salud f\u00edsica y mental de las personas<\/li>\n<\/ul>\n\n\n\n<p>\u00bfC\u00f3mo logramos esto?<\/p>\n\n\n\n<ul>\n<li>Asesoramiento experto y personalizado<\/li>\n\n\n\n<li>Talleres formativos<\/li>\n\n\n\n<li>Encuentros grupales<\/li>\n\n\n\n<li>Charlas abiertas<\/li>\n\n\n\n<li>Actividades para reforzar el tejido asociativo de la ciudad<\/li>\n<\/ul>\n\n\n\n<p>Queremos ser un referente a la hora de abordar este derecho a trav\u00e9s de la visibilizaci\u00f3n y la desestigmatizaci\u00f3n de la pobreza energ\u00e9tica; una cuesti\u00f3n estructural en nuestra sociedad que debe afrontarse y resolverse de manera colectiva.<\/p>\n<\/div>\n<\/div>\n\n\n\n<div class=\"wp-block-columns is-layout-flex wp-container-6\">\n<div class=\"wp-block-column column--title is-layout-flow\" style=\"flex-basis:33.33%\">\n<p>\u00bfQu\u00e9 Entidades forman parte?<\/p>\n<\/div>\n\n\n\n<div class=\"wp-block-column column--content is-layout-flow\" style=\"flex-basis:66.66%\">\n<p>La Escuela Ciudadana por el Derecho a la Energ\u00eda est\u00e1 gestionada por el Ayuntamiento de Val\u00e8ncia a trav\u00e9s de la Fundaci\u00f3n Val\u00e8ncia Clima i Energia y su Oficina de la Energ\u00eda, con la colaboraci\u00f3n del Centro de Innovaci\u00f3n Las Naves.<\/p>\n<\/div>\n<\/div>\n\n\n\n<div class=\"wp-block-columns is-layout-flex wp-container-10\">\n<div class=\"wp-block-column column--title is-layout-flow\" style=\"flex-basis:33.33%\">\n<p>Energ\u00eda y Salud<\/p>\n<\/div>\n\n\n\n<div class=\"wp-block-column column--content is-layout-flow\" style=\"flex-basis:66.66%\">\n<p>La salud est\u00e1 reconocida habitualmente como un derecho b\u00e1sico. No obstante, el acceso a energ\u00eda asequible y segura no se reconoce como tal. Disponer (o no) de una energ\u00eda suficiente para satisfacer las necesidades vitales b\u00e1sicas tiene un gran impacto en la salud f\u00edsica y mental de las personas.<\/p>\n\n\n\n<p>La Escuela Ciudadana por el Derecho a la Energ\u00eda nace con el objetivo de reivindicar este derecho y empoderar energ\u00e9ticamente a la ciudadan\u00eda en su conjunto, priorizando a aquellos\/as que m\u00e1s lo necesitan, y mejorar as\u00ed su salud y calidad de vida.<\/p>\n\n\n\n<p>Adem\u00e1s, la actividad de la Escuela nos permitir\u00e1 influir en pol\u00edticas m\u00e1s justas, saludables e inclusivas para hacer del Derecho a la Energ\u00eda una realidad en nuestros barrios.<br>\u00a1Te necesitamos!<\/p>\n\n\n\n<p><\/p>\n\n\n\n<div class=\"wp-block-buttons is-layout-flex wp-container-8\">\n<div class=\"wp-block-button\"><a class=\"wp-block-button__link wp-element-button\" href=\"https:\/\/escoladretenergia.com\/es\/formar-parte-como-ciudadano-a\/\">Formar parte como ciudadano\/a<\/a><\/div>\n\n\n\n<div class=\"wp-block-button\"><a class=\"wp-block-button__link wp-element-button\" href=\"https:\/\/escoladretenergia.com\/es\/formar-parte-como-profesional-o-entidad\/\">Formar parte como entidad<\/a><\/div>\n<\/div>\n<\/div>\n<\/div>\n","protected":false},"excerpt":{"rendered":"<p>\u00bfQu\u00e9 es la Escuela Ciudadanapor el Derecho a la Energ\u00eda? La Escuela Ciudadana por el Derecho a la Energ\u00eda nace del proyecto europeo WELLBASED y tiene como objetivo reivindicar y concienciar a toda la ciudadan\u00eda sobre el Derecho a la Energ\u00eda. Entre sus principales fines est\u00e1n: \u00bfC\u00f3mo logramos esto? Queremos ser un referente a la &hellip; <a href=\"https:\/\/escoladretenergia.com\/es\/\">Continued<\/a><\/p>\n","protected":false},"author":3,"featured_media":0,"parent":0,"menu_order":0,"comment_status":"closed","ping_status":"closed","template":"","meta":[],"acf":[],"_links":{"self":[{"href":"https:\/\/escoladretenergia.com\/es\/wp-json\/wp\/v2\/pages\/96"}],"collection":[{"href":"https:\/\/escoladretenergia.com\/es\/wp-json\/wp\/v2\/pages"}],"about":[{"href":"https:\/\/escoladretenergia.com\/es\/wp-json\/wp\/v2\/types\/page"}],"author":[{"embeddable":true,"href":"https:\/\/escoladretenergia.com\/es\/wp-json\/wp\/v2\/users\/3"}],"replies":[{"embeddable":true,"href":"https:\/\/escoladretenergia.com\/es\/wp-json\/wp\/v2\/comments?post=96"}],"version-history":[{"count":5,"href":"https:\/\/escoladretenergia.com\/es\/wp-json\/wp\/v2\/pages\/96\/revisions"}],"predecessor-version":[{"id":248,"href":"https:\/\/escoladretenergia.com\/es\/wp-json\/wp\/v2\/pages\/96\/revisions\/248"}],"wp:attachment":[{"href":"https:\/\/escoladretenergia.com\/es\/wp-json\/wp\/v2\/media?parent=96"}],"curies":[{"name":"wp","href":"https:\/\/api.w.org\/{rel}","templated":true}]}}