{"id":102,"date":"2022-11-12T11:15:28","date_gmt":"2022-11-12T11:15:28","guid":{"rendered":"https:\/\/escoladretenergia.com\/formar-parte-como-ciudadano-a\/"},"modified":"2023-01-31T10:25:50","modified_gmt":"2023-01-31T10:25:50","slug":"formar-parte-como-ciudadano-a","status":"publish","type":"page","link":"https:\/\/escoladretenergia.com\/es\/formar-parte-como-ciudadano-a\/","title":{"rendered":"Formar parte como ciudadano\/a"},"content":{"rendered":"\n<div class=\"wp-block-columns is-layout-flex wp-container-3\">\n<div class=\"wp-block-column column--title is-layout-flow\" style=\"flex-basis:33.33%\">\n<p>\u00bfQui\u00e9n puede apuntarse?<\/p>\n<\/div>\n\n\n\n<div class=\"wp-block-column column--content is-layout-flow\" style=\"flex-basis:66.66%\">\n<p>Si tienes dificultades para pagar la luz o el gas, problemas a la hora de mantener una temperatura adecuada en casa o resides en una vivienda antigua y poco eficiente\u2026 La Escuela puede echarte una mano para mejorar tu situaci\u00f3n.<\/p>\n\n\n\n<p>Apoyaremos a 130 hogares de Camins al Grau, Algir\u00f2s y Poblats Maritims. Las familias de estos barrios tendr\u00e1n prioridad en esta primera etapa, pero se crear\u00e1 un listado de interesados\/as para siguientes fases del proyecto.<\/p>\n<\/div>\n<\/div>\n\n\n\n<div class=\"wp-block-columns is-layout-flex wp-container-6\">\n<div class=\"wp-block-column column--title is-layout-flow\" style=\"flex-basis:33.33%\">\n<p>\u00bfPor qu\u00e9 participar?<\/p>\n\n\n\n<figure class=\"wp-block-image size-full\"><img decoding=\"async\" loading=\"lazy\" width=\"360\" height=\"592\" src=\"https:\/\/escoladretenergia.com\/wp-content\/uploads\/2022\/11\/Grupo-8.png\" alt=\"\" class=\"wp-image-61\" srcset=\"https:\/\/escoladretenergia.com\/wp-content\/uploads\/2022\/11\/Grupo-8.png 360w, https:\/\/escoladretenergia.com\/wp-content\/uploads\/2022\/11\/Grupo-8-182x300.png 182w\" sizes=\"(max-width: 360px) 100vw, 360px\" \/><\/figure>\n<\/div>\n\n\n\n<div class=\"wp-block-column column--content is-layout-flow\" style=\"flex-basis:66.66%\">\n<p>Si te apuntas a la Escuela tendr\u00e1s la oportunidad de:<\/p>\n\n\n\n<ul>\n<li>Recibir\u00e1s asesoramiento gratuito por parte de personas expertas para pagar lo justo por tus facturas de luz y gas.<\/li>\n\n\n\n<li>Te daremos consejos personalizados para reducir tus consumos y pasar menos fr\u00edo o calor en casa.<\/li>\n\n\n\n<li>Recibir\u00e1s un kit de eficiencia energ\u00e9tica (bombillas, regletas, aislantes\u2026) que instalaremos en tu hogar.<\/li>\n\n\n\n<li>Podr\u00e1s participar en actividades grupales donde aprender\u00e1s sobre energ\u00eda y salud.<\/li>\n\n\n\n<li>Ayudar\u00e1s a mejorar la calidad de vida y promover el Derecho a la Energ\u00eda en tu barrio y en Val\u00e8ncia.<\/li>\n\n\n\n<li>Estar\u00e1s al d\u00eda de otros proyectos e iniciativas de las que puedas formar parte.<\/li>\n<\/ul>\n<\/div>\n<\/div>\n\n\n\n<div class=\"wp-block-columns is-layout-flex wp-container-10\">\n<div class=\"wp-block-column column--title is-layout-flow\" style=\"flex-basis:33.33%\">\n<p>Inscr\u00edbete<\/p>\n<\/div>\n\n\n\n<div class=\"wp-block-column column--content is-layout-flow\" style=\"flex-basis:66.66%\">\n<p>Tu participaci\u00f3n como vecino\/a es indispensable para demostrar que el acceso a la energ\u00eda es fundamental para mejorar la salud y calidad de vida en nuestros barrios.<\/p>\n\n\n\n<p>Para ello, con tu consentimiento, recogeremos tus datos personales sobre energ\u00eda y salud durante 18 meses y mediremos temperatura, humedad y CO2 en tu hogar.<\/p>\n\n\n\n<p>Conoce qu\u00e9 datos y como os los pediremos <a href=\"#\" data-open=\"\">aqu\u00ed<\/a><\/p>\n\n\n\n<p>En todo el proceso se te garantizar\u00e1 la m\u00e1xima seguridad. Todos estos datos se estudiar\u00e1n de forma an\u00f3nima y nos servir\u00e1n para ayudar a otras personas que lo necesiten.<br>Nos pondremos en contacto contigo, te acompa\u00f1aremos en todo el proceso y resolveremos cualquier duda que surja.<\/p>\n\n\n\n<div class=\"wp-block-buttons is-layout-flex\">\n<div class=\"wp-block-button\"><a class=\"wp-block-button__link wp-element-button\" href=\"https:\/\/escoladretenergia.com\/es\/inscribete-como-participante\/\">\u00a1Quiero participar!<\/a><\/div>\n<\/div>\n\n\n\n<div style=\"height:40px\" aria-hidden=\"true\" class=\"wp-block-spacer\"><\/div>\n\n\n\n<figure class=\"wp-block-image size-full\"><img decoding=\"async\" loading=\"lazy\" width=\"438\" height=\"578\" src=\"https:\/\/escoladretenergia.com\/wp-content\/uploads\/2022\/11\/Grupo-6.png\" alt=\"\" class=\"wp-image-62\" srcset=\"https:\/\/escoladretenergia.com\/wp-content\/uploads\/2022\/11\/Grupo-6.png 438w, https:\/\/escoladretenergia.com\/wp-content\/uploads\/2022\/11\/Grupo-6-227x300.png 227w\" sizes=\"(max-width: 438px) 100vw, 438px\" \/><\/figure>\n<\/div>\n<\/div>\n","protected":false},"excerpt":{"rendered":"<p>\u00bfQui\u00e9n puede apuntarse? Si tienes dificultades para pagar la luz o el gas, problemas a la hora de mantener una temperatura adecuada en casa o resides en una vivienda antigua y poco eficiente\u2026 La Escuela puede echarte una mano para mejorar tu situaci\u00f3n. Apoyaremos a 130 hogares de Camins al Grau, Algir\u00f2s y Poblats Maritims. &hellip; <a href=\"https:\/\/escoladretenergia.com\/es\/formar-parte-como-ciudadano-a\/\">Continued<\/a><\/p>\n","protected":false},"author":3,"featured_media":0,"parent":0,"menu_order":0,"comment_status":"closed","ping_status":"closed","template":"template-formarparte.php","meta":[],"acf":[],"_links":{"self":[{"href":"https:\/\/escoladretenergia.com\/es\/wp-json\/wp\/v2\/pages\/102"}],"collection":[{"href":"https:\/\/escoladretenergia.com\/es\/wp-json\/wp\/v2\/pages"}],"about":[{"href":"https:\/\/escoladretenergia.com\/es\/wp-json\/wp\/v2\/types\/page"}],"author":[{"embeddable":true,"href":"https:\/\/escoladretenergia.com\/es\/wp-json\/wp\/v2\/users\/3"}],"replies":[{"embeddable":true,"href":"https:\/\/escoladretenergia.com\/es\/wp-json\/wp\/v2\/comments?post=102"}],"version-history":[{"count":10,"href":"https:\/\/escoladretenergia.com\/es\/wp-json\/wp\/v2\/pages\/102\/revisions"}],"predecessor-version":[{"id":227,"href":"https:\/\/escoladretenergia.com\/es\/wp-json\/wp\/v2\/pages\/102\/revisions\/227"}],"wp:attachment":[{"href":"https:\/\/escoladretenergia.com\/es\/wp-json\/wp\/v2\/media?parent=102"}],"curies":[{"name":"wp","href":"https:\/\/api.w.org\/{rel}","templated":true}]}}